{"id":178,"date":"2017-09-13T14:56:59","date_gmt":"2017-09-13T12:56:59","guid":{"rendered":"http:\/\/www.jubilerstasinscy.pl\/?page_id=178"},"modified":"2017-10-11T10:51:08","modified_gmt":"2017-10-11T08:51:08","slug":"lorus","status":"publish","type":"page","link":"https:\/\/www.jubilerstasinscy.pl\/?page_id=178","title":{"rendered":"Lorus"},"content":{"rendered":"<p>JUBILEUSZOWA SERIA<\/p>\n<div class=\"su-custom-gallery su-custom-gallery-title-hover su-lightbox-gallery\"><div class=\"su-custom-gallery-slide\"><a href=\"https:\/\/www.jubilerstasinscy.pl\/wp-content\/uploads\/2017\/09\/RP693CX9.jpg\" title=\"RP693CX9\"><img src=\"https:\/\/www.jubilerstasinscy.pl\/wp-content\/uploads\/2017\/09\/RP693CX9-450x450.jpg\" alt=\"RP693CX9\" width=\"450\" height=\"450\" \/><span class=\"su-custom-gallery-title\">RP693CX9<\/span><\/a><\/div><div class=\"su-custom-gallery-slide\"><a href=\"https:\/\/www.jubilerstasinscy.pl\/wp-content\/uploads\/2017\/09\/RT329GX9.jpg\" title=\"RT329GX9\"><img src=\"https:\/\/www.jubilerstasinscy.pl\/wp-content\/uploads\/2017\/09\/RT329GX9-450x450.jpg\" alt=\"RT329GX9\" width=\"450\" height=\"450\" \/><span class=\"su-custom-gallery-title\">RT329GX9<\/span><\/a><\/div><div class=\"su-clear\"><\/div><\/div>\n<p>&nbsp;<\/p>\n<p><strong>10 lat nieprzerwanego sukcesu<\/strong><\/p>\n<p><strong>Jubileuszowa kolekcja zegark\u00f3w LORUS<\/strong><\/p>\n<p><strong>\u00a0<\/strong><\/p>\n<p><strong>Jest rok 1982. Na \u015bwiatowych rynkach pojawi\u0142a si\u0119 pierwsza kolekcja zegark\u00f3w LORUS. Jako\u015b\u0107 i szeroki wachlarz wyboru w atrakcyjnych cenach sprawi\u0142y, \u017ce marka szybko osi\u0105gn\u0119\u0142a du\u017cy sukces. Pomimo tego, polscy mi\u0142o\u015bnicy czasomierzy czekali na ni\u0105 niemal 25 lat. Dok\u0142adnie 10 lat temu &#8211; w 2007 roku, na naszym rynku mia\u0142a miejsce premiera zegark\u00f3w LORUS. Z tej okazji marka wypu\u015bci\u0142a\u00a0 specjaln\u0105, jubileuszow\u0105 kolekcj\u0105 dost\u0119pn\u0105 wy\u0142\u0105cznie w Polsce. \u00a0<\/strong><\/p>\n<p><strong>\u00a0<\/strong><\/p>\n<p>Od samego pocz\u0105tku ide\u0105 przy\u015bwiecaj\u0105c\u0105 koncernowi SEIKO \u2013 w\u0142a\u015bcicielowi i producentowi zegark\u00f3w LORUS, by\u0142o stworzenia marki dla os\u00f3b m\u0142odych i m\u0142odych duchem, pozytywnie nastawionych do \u017cycia i potrafi\u0105cych cieszy\u0107 si\u0119 nim ka\u017cdego dnia. Co wi\u0119cej, czasomierz mia\u0142 nie tylko wskazywa\u0107 godzin\u0119, ale tak\u017ce wpisywa\u0107 si\u0119 w styl i charakter osoby, kt\u00f3ra go nosi. Dlatego te\u017c, ka\u017cda kolekcja LORUS \u0142\u0105czy trzy cechy. Po pierwsze \u2013 szeroki wachlarz czasomierzy dla niej i dla niego zar\u00f3wno w eleganckich, casualowych jak i sportowych tonacjach. Po drugie &#8211;\u00a0 atrakcyjna p\u00f3\u0142ka cenowa \u2013 \u015bredni koszt zegarka LORUS to oko\u0142o 300z\u0142. I po trzecie \u2013 jako\u015b\u0107 potwierdzona przez SEIKO, a ca\u0142y image i charakter marki doskonale odzwierciedla jej motto &#8211; \u201eA watch you can trust\u201d.<\/p>\n<p>&nbsp;<\/p>\n<p>Polska to obecnie jeden z najwa\u017cniejszych i najwi\u0119kszych rynk\u00f3w dla marki w skali ca\u0142ego \u015bwiata &#8211; wed\u0142ug statystyk jest na trzecim miejscu pod wzgl\u0119dem liczby sprzedawanych zegark\u00f3w LORUS. Nic wi\u0119c dziwnego, \u017ce producent zaprojektowa\u0142 specjaln\u0105 lini\u0119 dedykowan\u0105 wy\u0142\u0105cznie fanom znad Wis\u0142y. Jubileuszowa edycja to dwa stylowe czasomierze \u2013 jeden w wersji m\u0119skiej oraz jeden damski. Ju\u017c na pierwszy rzut oka zegarki rzucaj\u0105 si\u0119 w oczy. Obydwa modele wykonano w ca\u0142o\u015bci ze stali szlachetnej, ale pokryto czarn\u0105, po\u0142yskuj\u0105c\u0105 warstw\u0105 PVD. Aby jeszcze mocniej podkre\u015bli\u0107 wyj\u0105tkowo\u015b\u0107 oraz szyk zegark\u00f3w, elementy tarczy wyko\u0144czono z\u0142otym kolorem. Kombinacja czerni i z\u0142ota to ponadczasowe po\u0142\u0105czenie zarezerwowane g\u0142\u00f3wnie dla \u015bwiata elegancji i doskona\u0142ego stylu. Pomimo tego, zegarki doskonale \u201ezagraj\u0105\u201d nie tylko z koszul\u0105, sukienk\u0105 czy szykownym obuwiem, ale tak\u017ce z casualowym lookiem. Wersj\u0119 damsk\u0105 wyposa\u017cono w multidat\u0119, za\u015b model m\u0119ski w funkcj\u0119 chronografu. Ka\u017cdy czasomierz zosta\u0142 zwie\u0144czony specjalnym, jubileuszowym grawerem wykonanym na deklu, co eksponuje wyj\u0105tkowo\u015b\u0107 kolekcji oraz daje wyraz uznania i podzi\u0119kowania producenta \u2013 firmy SEIKO, za wk\u0142ad polskiego rynku w rozw\u00f3j marki Lorus.<\/p>\n<p>&nbsp;<\/p>\n<p>Modele: RT329GX9 (m\u0119ski), cena\u00a0 599 PLN, RP693CX9 (damski), cena 429 PLN<\/p>\n","protected":false},"excerpt":{"rendered":"<p>JUBILEUSZOWA SERIA &nbsp; 10 lat nieprzerwanego sukcesu Jubileuszowa kolekcja zegark\u00f3w LORUS \u00a0 Jest rok 1982. Na \u015bwiatowych rynkach pojawi\u0142a si\u0119 pierwsza kolekcja zegark\u00f3w LORUS. Jako\u015b\u0107 i szeroki wachlarz wyboru w atrakcyjnych cenach sprawi\u0142y, \u017ce marka szybko osi\u0105gn\u0119\u0142a du\u017cy sukces. Pomimo tego, polscy mi\u0142o\u015bnicy czasomierzy czekali na ni\u0105 niemal 25 lat. Dok\u0142adnie 10 lat temu &#8211; [&hellip;]<\/p>\n","protected":false},"author":1,"featured_media":253,"parent":0,"menu_order":0,"comment_status":"closed","ping_status":"closed","template":"","meta":[],"_links":{"self":[{"href":"https:\/\/www.jubilerstasinscy.pl\/index.php?rest_route=\/wp\/v2\/pages\/178"}],"collection":[{"href":"https:\/\/www.jubilerstasinscy.pl\/index.php?rest_route=\/wp\/v2\/pages"}],"about":[{"href":"https:\/\/www.jubilerstasinscy.pl\/index.php?rest_route=\/wp\/v2\/types\/page"}],"author":[{"embeddable":true,"href":"https:\/\/www.jubilerstasinscy.pl\/index.php?rest_route=\/wp\/v2\/users\/1"}],"replies":[{"embeddable":true,"href":"https:\/\/www.jubilerstasinscy.pl\/index.php?rest_route=%2Fwp%2Fv2%2Fcomments&post=178"}],"version-history":[{"count":6,"href":"https:\/\/www.jubilerstasinscy.pl\/index.php?rest_route=\/wp\/v2\/pages\/178\/revisions"}],"predecessor-version":[{"id":255,"href":"https:\/\/www.jubilerstasinscy.pl\/index.php?rest_route=\/wp\/v2\/pages\/178\/revisions\/255"}],"wp:featuredmedia":[{"embeddable":true,"href":"https:\/\/www.jubilerstasinscy.pl\/index.php?rest_route=\/wp\/v2\/media\/253"}],"wp:attachment":[{"href":"https:\/\/www.jubilerstasinscy.pl\/index.php?rest_route=%2Fwp%2Fv2%2Fmedia&parent=178"}],"curies":[{"name":"wp","href":"https:\/\/api.w.org\/{rel}","templated":true}]}}