{"id":2,"date":"2017-08-25T07:08:50","date_gmt":"2017-08-25T05:08:50","guid":{"rendered":"http:\/\/www.jubilerstasinscy.pl\/?page_id=2"},"modified":"2020-01-26T14:04:04","modified_gmt":"2020-01-26T13:04:04","slug":"przykladowa-strona","status":"publish","type":"page","link":"https:\/\/www.jubilerstasinscy.pl\/","title":{"rendered":"Produkty"},"content":{"rendered":"\t\t<div data-elementor-type=\"wp-post\" data-elementor-id=\"2\" class=\"elementor elementor-2\" data-elementor-settings=\"[]\">\n\t\t\t\t\t\t<div class=\"elementor-inner\">\n\t\t\t\t\t\t\t<div class=\"elementor-section-wrap\">\n\t\t\t\t\t\t\t<section class=\"elementor-section elementor-top-section elementor-element elementor-element-9119124 elementor-section-content-middle elementor-section-boxed elementor-section-height-default elementor-section-height-default\" data-id=\"9119124\" data-element_type=\"section\">\n\t\t\t\t\t\t<div class=\"elementor-container elementor-column-gap-default\">\n\t\t\t\t\t\t\t<div class=\"elementor-row\">\n\t\t\t\t\t<div class=\"elementor-column elementor-col-50 elementor-top-column elementor-element elementor-element-6a646e17\" data-id=\"6a646e17\" data-element_type=\"column\">\n\t\t\t<div class=\"elementor-column-wrap elementor-element-populated\">\n\t\t\t\t\t\t\t<div class=\"elementor-widget-wrap\">\n\t\t\t\t\t\t<div class=\"elementor-element elementor-element-35ad3ff0 elementor-widget elementor-widget-image\" data-id=\"35ad3ff0\" data-element_type=\"widget\" data-widget_type=\"image.default\">\n\t\t\t\t<div class=\"elementor-widget-container\">\n\t\t\t\t\t<div class=\"elementor-image\">\n\t\t\t\t\t\t\t\t\t\t<img width=\"2508\" height=\"1672\" src=\"https:\/\/www.jubilerstasinscy.pl\/wp-content\/uploads\/2017\/09\/file.pierscionek-zareczynowy.jpg\" class=\"attachment-full size-full\" alt=\"dfagdafgadg\" loading=\"lazy\" srcset=\"https:\/\/www.jubilerstasinscy.pl\/wp-content\/uploads\/2017\/09\/file.pierscionek-zareczynowy.jpg 2508w, https:\/\/www.jubilerstasinscy.pl\/wp-content\/uploads\/2017\/09\/file.pierscionek-zareczynowy-300x200.jpg 300w, https:\/\/www.jubilerstasinscy.pl\/wp-content\/uploads\/2017\/09\/file.pierscionek-zareczynowy-768x512.jpg 768w, https:\/\/www.jubilerstasinscy.pl\/wp-content\/uploads\/2017\/09\/file.pierscionek-zareczynowy-1024x683.jpg 1024w\" sizes=\"(max-width: 2508px) 100vw, 2508px\" \/>\t\t\t\t\t\t\t\t\t\t\t<\/div>\n\t\t\t\t<\/div>\n\t\t\t\t<\/div>\n\t\t\t\t\t\t<\/div>\n\t\t\t\t\t<\/div>\n\t\t<\/div>\n\t\t\t\t<div class=\"elementor-column elementor-col-50 elementor-top-column elementor-element elementor-element-76144351\" data-id=\"76144351\" data-element_type=\"column\">\n\t\t\t<div class=\"elementor-column-wrap elementor-element-populated\">\n\t\t\t\t\t\t\t<div class=\"elementor-widget-wrap\">\n\t\t\t\t\t\t<div class=\"elementor-element elementor-element-3a4b6758 elementor-widget elementor-widget-heading\" data-id=\"3a4b6758\" data-element_type=\"widget\" data-widget_type=\"heading.default\">\n\t\t\t\t<div class=\"elementor-widget-container\">\n\t\t\t<h3 class=\"elementor-heading-title elementor-size-default\">Zar\u0119czyny<\/h3>\t\t<\/div>\n\t\t\t\t<\/div>\n\t\t\t\t<div class=\"elementor-element elementor-element-4f718de9 elementor-widget elementor-widget-text-editor\" data-id=\"4f718de9\" data-element_type=\"widget\" data-widget_type=\"text-editor.default\">\n\t\t\t\t<div class=\"elementor-widget-container\">\n\t\t\t\t\t<div class=\"elementor-text-editor elementor-clearfix\"><p>Wybra\u0142e\u015b\u00a0 wa\u017cn\u0105 dla Waszego zwi\u0105zku dat\u0119. Znalaz\u0142e\u015b miejsce, w kt\u00f3rym oboje b\u0119dziecie czuli si\u0119 swobodnie, dzi\u0119ki czemu \u0142atwiej b\u0119dzie Ci ubra\u0107 my\u015bli w odpowiednie s\u0142owa. Pomy\u015bla\u0142e\u015b o kwiatach, dekoracjach i szampanie. Pozosta\u0142o tylko jedno, Pier\u015bcionek.<\/p><\/div>\n\t\t\t\t<\/div>\n\t\t\t\t<\/div>\n\t\t\t\t<div class=\"elementor-element elementor-element-2f1a916f elementor-align-left elementor-mobile-align-center elementor-widget elementor-widget-button\" data-id=\"2f1a916f\" data-element_type=\"widget\" data-widget_type=\"button.default\">\n\t\t\t\t<div class=\"elementor-widget-container\">\n\t\t\t\t\t<div class=\"elementor-button-wrapper\">\n\t\t\t<a href=\"http:\/\/www.jubilerstasinscy.pl\/?p=299\" class=\"elementor-button-link elementor-button elementor-size-md\" role=\"button\">\n\t\t\t\t\t\t<span class=\"elementor-button-content-wrapper\">\n\t\t\t\t\t\t<span class=\"elementor-button-icon elementor-align-icon-right\">\n\t\t\t\t\t\t\t\t\t<i class=\"fa fa-angle-double-right\" aria-hidden=\"true\"><\/i>\n\t\t\t\t\t\t\t<\/span>\n\t\t\t\t\t\t<span class=\"elementor-button-text\">Wi\u0119cej<\/span>\n\t\t<\/span>\n\t\t\t\t\t<\/a>\n\t\t<\/div>\n\t\t\t\t<\/div>\n\t\t\t\t<\/div>\n\t\t\t\t\t\t<\/div>\n\t\t\t\t\t<\/div>\n\t\t<\/div>\n\t\t\t\t\t\t\t\t<\/div>\n\t\t\t\t\t<\/div>\n\t\t<\/section>\n\t\t\t\t<section class=\"elementor-section elementor-top-section elementor-element elementor-element-d373d33 elementor-section-content-middle elementor-reverse-mobile elementor-section-boxed elementor-section-height-default elementor-section-height-default\" data-id=\"d373d33\" data-element_type=\"section\">\n\t\t\t\t\t\t<div class=\"elementor-container elementor-column-gap-default\">\n\t\t\t\t\t\t\t<div class=\"elementor-row\">\n\t\t\t\t\t<div class=\"elementor-column elementor-col-50 elementor-top-column elementor-element elementor-element-3885618\" data-id=\"3885618\" data-element_type=\"column\">\n\t\t\t<div class=\"elementor-column-wrap elementor-element-populated\">\n\t\t\t\t\t\t\t<div class=\"elementor-widget-wrap\">\n\t\t\t\t\t\t<div class=\"elementor-element elementor-element-b82e860 elementor-widget elementor-widget-heading\" data-id=\"b82e860\" data-element_type=\"widget\" data-widget_type=\"heading.default\">\n\t\t\t\t<div class=\"elementor-widget-container\">\n\t\t\t<h3 class=\"elementor-heading-title elementor-size-default\">Bi\u017cuteria \u015blubna<\/h3>\t\t<\/div>\n\t\t\t\t<\/div>\n\t\t\t\t<div class=\"elementor-element elementor-element-40fa138 elementor-widget elementor-widget-text-editor\" data-id=\"40fa138\" data-element_type=\"widget\" data-widget_type=\"text-editor.default\">\n\t\t\t\t<div class=\"elementor-widget-container\">\n\t\t\t\t\t<div class=\"elementor-text-editor elementor-clearfix\"><p>Sprawd\u017a Nasz\u0105 kolekcj\u0119 Bi\u017cuterii \u015blubnej.<\/p><\/div>\n\t\t\t\t<\/div>\n\t\t\t\t<\/div>\n\t\t\t\t<div class=\"elementor-element elementor-element-8892e47 elementor-align-left elementor-mobile-align-center elementor-widget elementor-widget-button\" data-id=\"8892e47\" data-element_type=\"widget\" data-widget_type=\"button.default\">\n\t\t\t\t<div class=\"elementor-widget-container\">\n\t\t\t\t\t<div class=\"elementor-button-wrapper\">\n\t\t\t<a href=\"http:\/\/www.jubilerstasinscy.pl\/?p=335\" class=\"elementor-button-link elementor-button elementor-size-md\" role=\"button\">\n\t\t\t\t\t\t<span class=\"elementor-button-content-wrapper\">\n\t\t\t\t\t\t<span class=\"elementor-button-icon elementor-align-icon-right\">\n\t\t\t\t\t\t\t\t\t<i class=\"fa fa-angle-double-right\" aria-hidden=\"true\"><\/i>\n\t\t\t\t\t\t\t<\/span>\n\t\t\t\t\t\t<span class=\"elementor-button-text\">Wi\u0119cej<\/span>\n\t\t<\/span>\n\t\t\t\t\t<\/a>\n\t\t<\/div>\n\t\t\t\t<\/div>\n\t\t\t\t<\/div>\n\t\t\t\t\t\t<\/div>\n\t\t\t\t\t<\/div>\n\t\t<\/div>\n\t\t\t\t<div class=\"elementor-column elementor-col-50 elementor-top-column elementor-element elementor-element-90614f1\" data-id=\"90614f1\" data-element_type=\"column\">\n\t\t\t<div class=\"elementor-column-wrap elementor-element-populated\">\n\t\t\t\t\t\t\t<div class=\"elementor-widget-wrap\">\n\t\t\t\t\t\t<div class=\"elementor-element elementor-element-ccb3b4b elementor-widget elementor-widget-image\" data-id=\"ccb3b4b\" data-element_type=\"widget\" data-widget_type=\"image.default\">\n\t\t\t\t<div class=\"elementor-widget-container\">\n\t\t\t\t\t<div class=\"elementor-image\">\n\t\t\t\t\t\t\t\t\t\t<img width=\"850\" height=\"478\" src=\"https:\/\/www.jubilerstasinscy.pl\/wp-content\/uploads\/2017\/10\/\u015blub-w-stylu-boho.jpg\" class=\"attachment-full size-full\" alt=\"\" loading=\"lazy\" srcset=\"https:\/\/www.jubilerstasinscy.pl\/wp-content\/uploads\/2017\/10\/\u015blub-w-stylu-boho.jpg 850w, https:\/\/www.jubilerstasinscy.pl\/wp-content\/uploads\/2017\/10\/\u015blub-w-stylu-boho-300x169.jpg 300w, https:\/\/www.jubilerstasinscy.pl\/wp-content\/uploads\/2017\/10\/\u015blub-w-stylu-boho-768x432.jpg 768w\" sizes=\"(max-width: 850px) 100vw, 850px\" \/>\t\t\t\t\t\t\t\t\t\t\t<\/div>\n\t\t\t\t<\/div>\n\t\t\t\t<\/div>\n\t\t\t\t\t\t<\/div>\n\t\t\t\t\t<\/div>\n\t\t<\/div>\n\t\t\t\t\t\t\t\t<\/div>\n\t\t\t\t\t<\/div>\n\t\t<\/section>\n\t\t\t\t\t\t<\/div>\n\t\t\t\t\t\t<\/div>\n\t\t\t\t\t<\/div>\n\t\t","protected":false},"excerpt":{"rendered":"<p>Zar\u0119czyny Wybra\u0142e\u015b\u00a0 wa\u017cn\u0105 dla Waszego zwi\u0105zku dat\u0119. Znalaz\u0142e\u015b miejsce, w kt\u00f3rym oboje b\u0119dziecie czuli si\u0119 swobodnie, dzi\u0119ki czemu \u0142atwiej b\u0119dzie Ci ubra\u0107 my\u015bli w odpowiednie s\u0142owa. Pomy\u015bla\u0142e\u015b o kwiatach, dekoracjach i szampanie. Pozosta\u0142o tylko jedno, Pier\u015bcionek. Wi\u0119cej Bi\u017cuteria \u015blubna Sprawd\u017a Nasz\u0105 kolekcj\u0119 Bi\u017cuterii \u015blubnej. Wi\u0119cej<\/p>\n","protected":false},"author":1,"featured_media":0,"parent":0,"menu_order":0,"comment_status":"closed","ping_status":"closed","template":"","meta":[],"_links":{"self":[{"href":"https:\/\/www.jubilerstasinscy.pl\/index.php?rest_route=\/wp\/v2\/pages\/2"}],"collection":[{"href":"https:\/\/www.jubilerstasinscy.pl\/index.php?rest_route=\/wp\/v2\/pages"}],"about":[{"href":"https:\/\/www.jubilerstasinscy.pl\/index.php?rest_route=\/wp\/v2\/types\/page"}],"author":[{"embeddable":true,"href":"https:\/\/www.jubilerstasinscy.pl\/index.php?rest_route=\/wp\/v2\/users\/1"}],"replies":[{"embeddable":true,"href":"https:\/\/www.jubilerstasinscy.pl\/index.php?rest_route=%2Fwp%2Fv2%2Fcomments&post=2"}],"version-history":[{"count":64,"href":"https:\/\/www.jubilerstasinscy.pl\/index.php?rest_route=\/wp\/v2\/pages\/2\/revisions"}],"predecessor-version":[{"id":528,"href":"https:\/\/www.jubilerstasinscy.pl\/index.php?rest_route=\/wp\/v2\/pages\/2\/revisions\/528"}],"wp:attachment":[{"href":"https:\/\/www.jubilerstasinscy.pl\/index.php?rest_route=%2Fwp%2Fv2%2Fmedia&parent=2"}],"curies":[{"name":"wp","href":"https:\/\/api.w.org\/{rel}","templated":true}]}}