{"id":33,"date":"2017-08-25T12:14:50","date_gmt":"2017-08-25T10:14:50","guid":{"rendered":"http:\/\/www.jubilerstasinscy.pl\/?page_id=33"},"modified":"2017-09-01T10:22:46","modified_gmt":"2017-09-01T08:22:46","slug":"nasza-historia","status":"publish","type":"page","link":"https:\/\/www.jubilerstasinscy.pl\/?page_id=33","title":{"rendered":"Nasza Historia"},"content":{"rendered":"<p><strong>Witamy w krainie pi\u0119kna!<\/strong><\/p>\n<p>Jeste\u015bmy rodzinn\u0105 firm\u0105 jubilersko-z\u0142otnicz\u0105 z 20-letni\u0105 tradycj\u0105 oraz do\u015bwiadczeniem w bran\u017cy. Na rynku dzia\u0142amy od 1997 roku i cieszymy si\u0119 opini\u0105 rzetelnych i wiarygodnych partner\u00f3w w interesach.<\/p>\n<p>Na nasz sukces z\u0142o\u017cy\u0142y si\u0119: do\u015bwiadczenie, profesjonalizm oraz rzetelna praca.<\/p>\n<p>Staramy si\u0119 pod\u0105\u017ca\u0107 za najnowszymi, \u015bwiatowymi trendami, natomiast wysoka jako\u015b\u0107 bi\u017cuterii jest naszym priorytetem.<\/p>\n<p>S\u0142u\u017cymy profesjonalnym doradztwem w zakresie wyboru bi\u017cuterii z\u0142otej i srebrnej, zegark\u00f3w oraz upomink\u00f3w okoliczno\u015bciowych. W ofercie posiadamy r\u00f3wnie\u017c du\u017cy wyb\u00f3r obr\u0105czek \u015blubnych oraz pier\u015bcionk\u00f3w zar\u0119czynowych.<\/p>\n<p>Oferujemy tak\u017ce us\u0142ugi jubilerskie, takie jak naprawa bi\u017cuterii, czy te\u017c skup metali szlachetnych w ka\u017cdej postaci<br \/>\n(zniszczona i niepotrzebna bi\u017cuteria z\u0142ota i srebrna, monety, kruszce w formie inwestycyjnej).<\/p>\n<p>&nbsp;<\/p>\n<p>Je\u015bli zakup wymarzonego prezentu sprawia Ci problem proponujemy warto\u015bciowy bon upominkowy za dowoln\u0105 kwot\u0119. Obdarowana nim osoba okazuj\u0105c go w naszym salonie ma mo\u017cliwo\u015b\u0107 wyboru odpowiedniego dla siebie upominku, wed\u0142ug swoich upodoba\u0144.<\/p>\n<p><strong>Przyjd\u017a do naszego salonu i daj si\u0119 oczarowa\u0107!<\/strong><\/p>\n","protected":false},"excerpt":{"rendered":"<p>Witamy w krainie pi\u0119kna! Jeste\u015bmy rodzinn\u0105 firm\u0105 jubilersko-z\u0142otnicz\u0105 z 20-letni\u0105 tradycj\u0105 oraz do\u015bwiadczeniem w bran\u017cy. Na rynku dzia\u0142amy od 1997 roku i cieszymy si\u0119 opini\u0105 rzetelnych i wiarygodnych partner\u00f3w w interesach. Na nasz sukces z\u0142o\u017cy\u0142y si\u0119: do\u015bwiadczenie, profesjonalizm oraz rzetelna praca. Staramy si\u0119 pod\u0105\u017ca\u0107 za najnowszymi, \u015bwiatowymi trendami, natomiast wysoka jako\u015b\u0107 bi\u017cuterii jest naszym priorytetem. [&hellip;]<\/p>\n","protected":false},"author":1,"featured_media":0,"parent":0,"menu_order":0,"comment_status":"closed","ping_status":"closed","template":"","meta":[],"_links":{"self":[{"href":"https:\/\/www.jubilerstasinscy.pl\/index.php?rest_route=\/wp\/v2\/pages\/33"}],"collection":[{"href":"https:\/\/www.jubilerstasinscy.pl\/index.php?rest_route=\/wp\/v2\/pages"}],"about":[{"href":"https:\/\/www.jubilerstasinscy.pl\/index.php?rest_route=\/wp\/v2\/types\/page"}],"author":[{"embeddable":true,"href":"https:\/\/www.jubilerstasinscy.pl\/index.php?rest_route=\/wp\/v2\/users\/1"}],"replies":[{"embeddable":true,"href":"https:\/\/www.jubilerstasinscy.pl\/index.php?rest_route=%2Fwp%2Fv2%2Fcomments&post=33"}],"version-history":[{"count":2,"href":"https:\/\/www.jubilerstasinscy.pl\/index.php?rest_route=\/wp\/v2\/pages\/33\/revisions"}],"predecessor-version":[{"id":100,"href":"https:\/\/www.jubilerstasinscy.pl\/index.php?rest_route=\/wp\/v2\/pages\/33\/revisions\/100"}],"wp:attachment":[{"href":"https:\/\/www.jubilerstasinscy.pl\/index.php?rest_route=%2Fwp%2Fv2%2Fmedia&parent=33"}],"curies":[{"name":"wp","href":"https:\/\/api.w.org\/{rel}","templated":true}]}}